{"id":238224,"date":"2024-09-30T09:16:31","date_gmt":"2024-09-30T08:16:31","guid":{"rendered":"https:\/\/www.lageria.com\/calendario\/"},"modified":"2026-05-03T11:02:05","modified_gmt":"2026-05-03T10:02:05","slug":"calendario","status":"publish","type":"page","link":"https:\/\/dev.lageria.com\/fr\/calendario\/","title":{"rendered":"Calendario"},"content":{"rendered":"\n<div class=\"row row-large row-full-width\"  id=\"row-1573865833\">\n\n\t<div id=\"col-2017891681\" class=\"col medium-1 small-12 large-1\"  >\n\t\t\t\t<div class=\"col-inner\"  >\n\t\t\t\n\t\t\t\n\t\t<\/div>\n\t\t\t\t\t<\/div>\n\n\t\n\n\t<div id=\"col-2102492900\" class=\"col medium-10 small-12 large-10\"  >\n\t\t\t\t<div class=\"col-inner\"  >\n\t\t\t\n\t\t\t\n\n<div class=\"latepoint-calendar-wrapper \" data-route-name=\"events__load_calendar_events\" data-target-date=\"2026-05-17\"><div class=\"latepoint-calendar-controls-wrapper\"><input type=\"hidden\" name=\"restrictions\" value=\"{&quot;show_services&quot;:&quot;5&quot;,&quot;show_agents&quot;:&quot;3&quot;}\" id=\"restrictions\" \/><div class=\"latepoint-calendar-controls\"><div class=\"le-week\">May 11 - 17<\/div><div class=\"le-range-selector\"><div class=\"os-form-group os-form-select-group  os-form-group-transparent\"><select  name=\"calendar_range_type\" id=\"calendar_range_type\" class=\"os-form-control\" ><option value=\"week\" selected>Hebdomadairement<\/option><option value=\"month\" >Mensuellement<\/option><\/select><\/div><\/div><div class=\"le-filter le-filter-trigger\"><i class=\"latepoint-icon latepoint-icon-ui-47\"><\/i><span>Filtres<\/span><\/div><input type=\"hidden\" name=\"target_date_string\" value=\"2026-05-17\" id=\"target_date_string\" \/><div class=\"le-navigation-wrapper\"><div class=\"le-navigation\">\n\t\t\t\t\t\t\t\t\t<div class=\"le-navigation-button le-navigation-trigger\" data-target-date=\"2026-05-04\"><i class=\"latepoint-icon latepoint-icon-arrow-left\"><\/i><\/div>\n\t\t\t\t\t\t\t\t\t<div class=\"le-today le-navigation-trigger\" data-target-date=\"2026-05-16\">Aujourd'hui<\/div>\n\t\t\t\t\t\t\t\t\t<div class=\"le-navigation-button le-navigation-trigger\" data-target-date=\"2026-05-18\"><i class=\"latepoint-icon latepoint-icon-arrow-right\"><\/i><\/div>\n\t\t\t\t\t\t\t\t<\/div><\/div><\/div><div class=\"latepoint-calendar-filters\"><div class=\"le-filters-label\">Afficher :<\/div><div class=\"os-form-group os-form-select-group  os-form-group-transparent\"><select  name=\"filter[agent_id]\" id=\"filter_agent_id\" class=\"os-form-control\" ><option value=\"\" selected>Tous les agents<\/option><option value=\"3\" >Fran\u00e7ais<\/option><\/select><\/div><div class=\"os-form-group os-form-select-group  os-form-group-transparent\"><select  name=\"filter[service_id]\" id=\"filter_service_id\" class=\"os-form-control\" ><option value=\"\" selected>Tous les services<\/option><option value=\"5\" >Visites guid\u00e9es<\/option><\/select><\/div><\/div><\/div><div class=\"latepoint-calendar-week\"><div class=\"le-day-wrapper  os-day-passed os-month-current day-weekday-1\"><div class=\"le-day-weekday-wrapper\"><div class=\"le-day-weekday\">Lun<\/div><div class=\"le-day-number\" \n\t\t\t\t\tdata-os-params=\"target_date_string=2026-05-11&filter%5Bshow_services%5D=5&filter%5Bshow_agents%5D=3\" \n\t\t\t\t\tdata-os-output-target=\"lightbox\"\n\t\t\t\t\tdata-os-lightbox-classes=\"width-600\"\n\t\t\t\t\tdata-os-action=\"events__events_day_view\">11<\/div><\/div><div class=\"le-day-schedule-wrapper\"><div class=\"day-schedule-timeslots\"><div class=\"day-schedule-timeslot-wrapper\"><div class=\"day-schedule-timeslot\" style=\"height: 88px\"><div class=\"day-schedule-timeslot-value\">10 <\/div><\/div><\/div><div class=\"day-schedule-timeslot-wrapper\"><div class=\"day-schedule-timeslot\" style=\"height: 88px\"><div class=\"day-schedule-timeslot-value\">11 <\/div><\/div><\/div><div class=\"day-schedule-timeslot-wrapper\"><div class=\"day-schedule-timeslot\" style=\"height: 88px\"><div class=\"day-schedule-timeslot-value\">12 <\/div><\/div><\/div><div class=\"day-schedule-timeslot-wrapper\"><div class=\"day-schedule-timeslot\" style=\"height: 88px\"><div class=\"day-schedule-timeslot-value\">13 <\/div><\/div><\/div><div class=\"day-schedule-timeslot-wrapper\"><div class=\"day-schedule-timeslot\" style=\"height: 88px\"><div class=\"day-schedule-timeslot-value\">14 <\/div><\/div><\/div><div class=\"day-schedule-timeslot-wrapper\"><div class=\"day-schedule-timeslot\" style=\"height: 88px\"><div class=\"day-schedule-timeslot-value\">15 <\/div><\/div><\/div><div class=\"day-schedule-timeslot-wrapper\"><div class=\"day-schedule-timeslot\" style=\"height: 88px\"><div class=\"day-schedule-timeslot-value\">16 <\/div><\/div><\/div><div class=\"day-schedule-timeslot-wrapper\"><div class=\"day-schedule-timeslot\" style=\"height: 88px\"><div class=\"day-schedule-timeslot-value\">17 <\/div><\/div><\/div><\/div><\/div><\/div><div class=\"le-day-wrapper  os-day-passed os-month-current day-weekday-2\"><div class=\"le-day-weekday-wrapper\"><div class=\"le-day-weekday\">Mar<\/div><div class=\"le-day-number\" \n\t\t\t\t\tdata-os-params=\"target_date_string=2026-05-12&filter%5Bshow_services%5D=5&filter%5Bshow_agents%5D=3\" \n\t\t\t\t\tdata-os-output-target=\"lightbox\"\n\t\t\t\t\tdata-os-lightbox-classes=\"width-600\"\n\t\t\t\t\tdata-os-action=\"events__events_day_view\">12<\/div><\/div><div class=\"le-day-schedule-wrapper\"><div class=\"day-schedule-timeslots\"><div class=\"day-schedule-timeslot-wrapper\"><div class=\"day-schedule-timeslot\" style=\"height: 88px\"><div class=\"day-schedule-timeslot-value\">10 <\/div><\/div><\/div><div class=\"day-schedule-timeslot-wrapper\"><div class=\"day-schedule-timeslot\" style=\"height: 88px\"><div class=\"day-schedule-timeslot-value\">11 <\/div><\/div><\/div><div class=\"day-schedule-timeslot-wrapper\"><div class=\"day-schedule-timeslot\" style=\"height: 88px\"><div class=\"day-schedule-timeslot-value\">12 <\/div><\/div><\/div><div class=\"day-schedule-timeslot-wrapper\"><div class=\"day-schedule-timeslot\" style=\"height: 88px\"><div class=\"day-schedule-timeslot-value\">13 <\/div><\/div><\/div><div class=\"day-schedule-timeslot-wrapper\"><div class=\"day-schedule-timeslot\" style=\"height: 88px\"><div class=\"day-schedule-timeslot-value\">14 <\/div><\/div><\/div><div class=\"day-schedule-timeslot-wrapper\"><div class=\"day-schedule-timeslot\" style=\"height: 88px\"><div class=\"day-schedule-timeslot-value\">15 <\/div><\/div><\/div><div class=\"day-schedule-timeslot-wrapper\"><div class=\"day-schedule-timeslot\" style=\"height: 88px\"><div class=\"day-schedule-timeslot-value\">16 <\/div><\/div><\/div><div class=\"day-schedule-timeslot-wrapper\"><div class=\"day-schedule-timeslot\" style=\"height: 88px\"><div class=\"day-schedule-timeslot-value\">17 <\/div><\/div><\/div><div class=\"le-service-wrapper is-passed\" style=\"top: 6.25%; height: 10.416666666667%\"><div class=\"is-passed-message\">Cet \u00e9v\u00e9nement est pass\u00e9<\/div><div class=\"le-service-inner\"><div class=\"le-color-elem\" style=\"background-color: #27A8E4\"><\/div><div class=\"le-service-name\">Visites guid\u00e9es<\/div><div class=\"le-service-time-period\">10:30 - 11:20<\/div><\/div><\/div><\/div><\/div><\/div><div class=\"le-day-wrapper  os-day-passed os-month-current day-weekday-3\"><div class=\"le-day-weekday-wrapper\"><div class=\"le-day-weekday\">Mer<\/div><div class=\"le-day-number\" \n\t\t\t\t\tdata-os-params=\"target_date_string=2026-05-13&filter%5Bshow_services%5D=5&filter%5Bshow_agents%5D=3\" \n\t\t\t\t\tdata-os-output-target=\"lightbox\"\n\t\t\t\t\tdata-os-lightbox-classes=\"width-600\"\n\t\t\t\t\tdata-os-action=\"events__events_day_view\">13<\/div><\/div><div class=\"le-day-schedule-wrapper\"><div class=\"day-schedule-timeslots\"><div class=\"day-schedule-timeslot-wrapper\"><div class=\"day-schedule-timeslot\" style=\"height: 88px\"><div class=\"day-schedule-timeslot-value\">10 <\/div><\/div><\/div><div class=\"day-schedule-timeslot-wrapper\"><div class=\"day-schedule-timeslot\" style=\"height: 88px\"><div class=\"day-schedule-timeslot-value\">11 <\/div><\/div><\/div><div class=\"day-schedule-timeslot-wrapper\"><div class=\"day-schedule-timeslot\" style=\"height: 88px\"><div class=\"day-schedule-timeslot-value\">12 <\/div><\/div><\/div><div class=\"day-schedule-timeslot-wrapper\"><div class=\"day-schedule-timeslot\" style=\"height: 88px\"><div class=\"day-schedule-timeslot-value\">13 <\/div><\/div><\/div><div class=\"day-schedule-timeslot-wrapper\"><div class=\"day-schedule-timeslot\" style=\"height: 88px\"><div class=\"day-schedule-timeslot-value\">14 <\/div><\/div><\/div><div class=\"day-schedule-timeslot-wrapper\"><div class=\"day-schedule-timeslot\" style=\"height: 88px\"><div class=\"day-schedule-timeslot-value\">15 <\/div><\/div><\/div><div class=\"day-schedule-timeslot-wrapper\"><div class=\"day-schedule-timeslot\" style=\"height: 88px\"><div class=\"day-schedule-timeslot-value\">16 <\/div><\/div><\/div><div class=\"day-schedule-timeslot-wrapper\"><div class=\"day-schedule-timeslot\" style=\"height: 88px\"><div class=\"day-schedule-timeslot-value\">17 <\/div><\/div><\/div><\/div><\/div><\/div><div class=\"le-day-wrapper  os-day-passed os-month-current day-weekday-4\"><div class=\"le-day-weekday-wrapper\"><div class=\"le-day-weekday\">Jeu<\/div><div class=\"le-day-number\" \n\t\t\t\t\tdata-os-params=\"target_date_string=2026-05-14&filter%5Bshow_services%5D=5&filter%5Bshow_agents%5D=3\" \n\t\t\t\t\tdata-os-output-target=\"lightbox\"\n\t\t\t\t\tdata-os-lightbox-classes=\"width-600\"\n\t\t\t\t\tdata-os-action=\"events__events_day_view\">14<\/div><\/div><div class=\"le-day-schedule-wrapper\"><div class=\"day-schedule-timeslots\"><div class=\"day-schedule-timeslot-wrapper\"><div class=\"day-schedule-timeslot\" style=\"height: 88px\"><div class=\"day-schedule-timeslot-value\">10 <\/div><\/div><\/div><div class=\"day-schedule-timeslot-wrapper\"><div class=\"day-schedule-timeslot\" style=\"height: 88px\"><div class=\"day-schedule-timeslot-value\">11 <\/div><\/div><\/div><div class=\"day-schedule-timeslot-wrapper\"><div class=\"day-schedule-timeslot\" style=\"height: 88px\"><div class=\"day-schedule-timeslot-value\">12 <\/div><\/div><\/div><div class=\"day-schedule-timeslot-wrapper\"><div class=\"day-schedule-timeslot\" style=\"height: 88px\"><div class=\"day-schedule-timeslot-value\">13 <\/div><\/div><\/div><div class=\"day-schedule-timeslot-wrapper\"><div class=\"day-schedule-timeslot\" style=\"height: 88px\"><div class=\"day-schedule-timeslot-value\">14 <\/div><\/div><\/div><div class=\"day-schedule-timeslot-wrapper\"><div class=\"day-schedule-timeslot\" style=\"height: 88px\"><div class=\"day-schedule-timeslot-value\">15 <\/div><\/div><\/div><div class=\"day-schedule-timeslot-wrapper\"><div class=\"day-schedule-timeslot\" style=\"height: 88px\"><div class=\"day-schedule-timeslot-value\">16 <\/div><\/div><\/div><div class=\"day-schedule-timeslot-wrapper\"><div class=\"day-schedule-timeslot\" style=\"height: 88px\"><div class=\"day-schedule-timeslot-value\">17 <\/div><\/div><\/div><\/div><\/div><\/div><div class=\"le-day-wrapper  os-day-passed os-month-current day-weekday-5\"><div class=\"le-day-weekday-wrapper\"><div class=\"le-day-weekday\">Ven<\/div><div class=\"le-day-number\" \n\t\t\t\t\tdata-os-params=\"target_date_string=2026-05-15&filter%5Bshow_services%5D=5&filter%5Bshow_agents%5D=3\" \n\t\t\t\t\tdata-os-output-target=\"lightbox\"\n\t\t\t\t\tdata-os-lightbox-classes=\"width-600\"\n\t\t\t\t\tdata-os-action=\"events__events_day_view\">15<\/div><\/div><div class=\"le-day-schedule-wrapper\"><div class=\"day-schedule-timeslots\"><div class=\"day-schedule-timeslot-wrapper\"><div class=\"day-schedule-timeslot\" style=\"height: 88px\"><div class=\"day-schedule-timeslot-value\">10 <\/div><\/div><\/div><div class=\"day-schedule-timeslot-wrapper\"><div class=\"day-schedule-timeslot\" style=\"height: 88px\"><div class=\"day-schedule-timeslot-value\">11 <\/div><\/div><\/div><div class=\"day-schedule-timeslot-wrapper\"><div class=\"day-schedule-timeslot\" style=\"height: 88px\"><div class=\"day-schedule-timeslot-value\">12 <\/div><\/div><\/div><div class=\"day-schedule-timeslot-wrapper\"><div class=\"day-schedule-timeslot\" style=\"height: 88px\"><div class=\"day-schedule-timeslot-value\">13 <\/div><\/div><\/div><div class=\"day-schedule-timeslot-wrapper\"><div class=\"day-schedule-timeslot\" style=\"height: 88px\"><div class=\"day-schedule-timeslot-value\">14 <\/div><\/div><\/div><div class=\"day-schedule-timeslot-wrapper\"><div class=\"day-schedule-timeslot\" style=\"height: 88px\"><div class=\"day-schedule-timeslot-value\">15 <\/div><\/div><\/div><div class=\"day-schedule-timeslot-wrapper\"><div class=\"day-schedule-timeslot\" style=\"height: 88px\"><div class=\"day-schedule-timeslot-value\">16 <\/div><\/div><\/div><div class=\"day-schedule-timeslot-wrapper\"><div class=\"day-schedule-timeslot\" style=\"height: 88px\"><div class=\"day-schedule-timeslot-value\">17 <\/div><\/div><\/div><div class=\"le-service-wrapper is-passed\" style=\"top: 6.25%; height: 10.416666666667%\"><div class=\"is-passed-message\">Cet \u00e9v\u00e9nement est pass\u00e9<\/div><div class=\"le-service-inner\"><div class=\"le-color-elem\" style=\"background-color: #27A8E4\"><\/div><div class=\"le-service-name\">Visites guid\u00e9es<\/div><div class=\"le-service-time-period\">10:30 - 11:20<\/div><\/div><\/div><\/div><\/div><\/div><div class=\"le-day-wrapper  os-today os-month-current day-weekday-6\"><div class=\"le-day-weekday-wrapper\"><div class=\"le-day-weekday\">Sam<\/div><div class=\"le-day-number\" \n\t\t\t\t\tdata-os-params=\"target_date_string=2026-05-16&filter%5Bshow_services%5D=5&filter%5Bshow_agents%5D=3\" \n\t\t\t\t\tdata-os-output-target=\"lightbox\"\n\t\t\t\t\tdata-os-lightbox-classes=\"width-600\"\n\t\t\t\t\tdata-os-action=\"events__events_day_view\">16<\/div><\/div><div class=\"le-day-schedule-wrapper\"><div class=\"day-schedule-timeslots\"><div class=\"day-schedule-timeslot-wrapper\"><div class=\"day-schedule-timeslot\" style=\"height: 88px\"><div class=\"day-schedule-timeslot-value\">10 <\/div><\/div><\/div><div class=\"day-schedule-timeslot-wrapper\"><div class=\"day-schedule-timeslot\" style=\"height: 88px\"><div class=\"day-schedule-timeslot-value\">11 <\/div><\/div><\/div><div class=\"day-schedule-timeslot-wrapper\"><div class=\"day-schedule-timeslot\" style=\"height: 88px\"><div class=\"day-schedule-timeslot-value\">12 <\/div><\/div><\/div><div class=\"day-schedule-timeslot-wrapper\"><div class=\"day-schedule-timeslot\" style=\"height: 88px\"><div class=\"day-schedule-timeslot-value\">13 <\/div><\/div><\/div><div class=\"day-schedule-timeslot-wrapper\"><div class=\"day-schedule-timeslot\" style=\"height: 88px\"><div class=\"day-schedule-timeslot-value\">14 <\/div><\/div><\/div><div class=\"day-schedule-timeslot-wrapper\"><div class=\"day-schedule-timeslot\" style=\"height: 88px\"><div class=\"day-schedule-timeslot-value\">15 <\/div><\/div><\/div><div class=\"day-schedule-timeslot-wrapper\"><div class=\"day-schedule-timeslot\" style=\"height: 88px\"><div class=\"day-schedule-timeslot-value\">16 <\/div><\/div><\/div><div class=\"day-schedule-timeslot-wrapper\"><div class=\"day-schedule-timeslot\" style=\"height: 88px\"><div class=\"day-schedule-timeslot-value\">17 <\/div><\/div><\/div><\/div><\/div><\/div><div class=\"le-day-wrapper  os-month-current day-weekday-7\"><div class=\"le-day-weekday-wrapper\"><div class=\"le-day-weekday\">Dim<\/div><div class=\"le-day-number\" \n\t\t\t\t\tdata-os-params=\"target_date_string=2026-05-17&filter%5Bshow_services%5D=5&filter%5Bshow_agents%5D=3\" \n\t\t\t\t\tdata-os-output-target=\"lightbox\"\n\t\t\t\t\tdata-os-lightbox-classes=\"width-600\"\n\t\t\t\t\tdata-os-action=\"events__events_day_view\">17<\/div><\/div><div class=\"le-day-schedule-wrapper\"><div class=\"day-schedule-timeslots\"><div class=\"day-schedule-timeslot-wrapper\"><div class=\"day-schedule-timeslot\" style=\"height: 88px\"><div class=\"day-schedule-timeslot-value\">10 <\/div><\/div><\/div><div class=\"day-schedule-timeslot-wrapper\"><div class=\"day-schedule-timeslot\" style=\"height: 88px\"><div class=\"day-schedule-timeslot-value\">11 <\/div><\/div><\/div><div class=\"day-schedule-timeslot-wrapper\"><div class=\"day-schedule-timeslot\" style=\"height: 88px\"><div class=\"day-schedule-timeslot-value\">12 <\/div><\/div><\/div><div class=\"day-schedule-timeslot-wrapper\"><div class=\"day-schedule-timeslot\" style=\"height: 88px\"><div class=\"day-schedule-timeslot-value\">13 <\/div><\/div><\/div><div class=\"day-schedule-timeslot-wrapper\"><div class=\"day-schedule-timeslot\" style=\"height: 88px\"><div class=\"day-schedule-timeslot-value\">14 <\/div><\/div><\/div><div class=\"day-schedule-timeslot-wrapper\"><div class=\"day-schedule-timeslot\" style=\"height: 88px\"><div class=\"day-schedule-timeslot-value\">15 <\/div><\/div><\/div><div class=\"day-schedule-timeslot-wrapper\"><div class=\"day-schedule-timeslot\" style=\"height: 88px\"><div class=\"day-schedule-timeslot-value\">16 <\/div><\/div><\/div><div class=\"day-schedule-timeslot-wrapper\"><div class=\"day-schedule-timeslot\" style=\"height: 88px\"><div class=\"day-schedule-timeslot-value\">17 <\/div><\/div><\/div><\/div><\/div><\/div><\/div><\/div>\n\n\t\t<\/div>\n\t\t\t\t\t<\/div>\n\n\t\n\n\t<div id=\"col-2068263066\" class=\"col medium-1 small-12 large-1\"  >\n\t\t\t\t<div class=\"col-inner\"  >\n\t\t\t\n\t\t\t\n\t\t<\/div>\n\t\t\t\t\t<\/div>\n\n\t\n<\/div>\n","protected":false},"excerpt":{"rendered":"","protected":false},"author":1,"featured_media":0,"parent":0,"menu_order":0,"comment_status":"closed","ping_status":"closed","template":"page-blank.php","meta":{"footnotes":""},"class_list":["post-238224","page","type-page","status-publish","hentry"],"_links":{"self":[{"href":"https:\/\/dev.lageria.com\/fr\/wp-json\/wp\/v2\/pages\/238224","targetHints":{"allow":["GET"]}}],"collection":[{"href":"https:\/\/dev.lageria.com\/fr\/wp-json\/wp\/v2\/pages"}],"about":[{"href":"https:\/\/dev.lageria.com\/fr\/wp-json\/wp\/v2\/types\/page"}],"author":[{"embeddable":true,"href":"https:\/\/dev.lageria.com\/fr\/wp-json\/wp\/v2\/users\/1"}],"replies":[{"embeddable":true,"href":"https:\/\/dev.lageria.com\/fr\/wp-json\/wp\/v2\/comments?post=238224"}],"version-history":[{"count":9,"href":"https:\/\/dev.lageria.com\/fr\/wp-json\/wp\/v2\/pages\/238224\/revisions"}],"predecessor-version":[{"id":251241,"href":"https:\/\/dev.lageria.com\/fr\/wp-json\/wp\/v2\/pages\/238224\/revisions\/251241"}],"wp:attachment":[{"href":"https:\/\/dev.lageria.com\/fr\/wp-json\/wp\/v2\/media?parent=238224"}],"curies":[{"name":"wp","href":"https:\/\/api.w.org\/{rel}","templated":true}]}}