{"id":240482,"date":"2013-08-11T19:06:15","date_gmt":"2013-08-11T18:06:15","guid":{"rendered":"https:\/\/www.lageria.com\/la-geria\/"},"modified":"2026-04-16T19:05:51","modified_gmt":"2026-04-16T18:05:51","slug":"la-geria","status":"publish","type":"page","link":"https:\/\/dev.lageria.com\/de\/la-geria\/","title":{"rendered":"La Geria"},"content":{"rendered":"\n  <div class=\"banner has-hover has-parallax\" id=\"banner-1103851149\">\n          <div class=\"banner-inner fill\">\n        <div class=\"banner-bg fill\" data-parallax=\"-&quot;3&quot;\" data-parallax-container=\".banner\" data-parallax-background>\n            <img loading=\"lazy\" decoding=\"async\" width=\"1536\" height=\"861\" src=\"https:\/\/dev.lageria.com\/wp-content\/uploads\/2025\/10\/stunning-sunset-view-la-geria-lanzarote-island-1536x861.jpg\" class=\"bg attachment-1536x1536 size-1536x1536\" alt=\"\" \/>                        <div class=\"overlay\"><\/div>            \n                    <\/div>\n\t\t\n        <div class=\"banner-layers container\">\n            <div class=\"fill banner-link\"><\/div>            \n   <div id=\"text-box-1884350205\" class=\"text-box banner-layer x&quot;50&quot; md-x&quot;50&quot; lg-x&quot;50&quot; y&quot;80&quot; md-y&quot;80&quot; lg-y&quot;80&quot; res-text\">\n                                <div class=\"text-box-content text dark\">\n              \n              <div class=\"text-inner text-center\">\n                  \n<h1 class=\"lead\">La Geria<\/h1>\n<p class=\"lead\">Besuch des Weinguts La Geria und Erl\u00e4uterung des Produktionsprozesses<\/p>\n              <\/div>\n           <\/div>\n                            \n<style>\n#text-box-1884350205 {\n  width: 60%;\n}\n#text-box-1884350205 .text-box-content {\n  font-size: 100%;\n}\n<\/style>\n    <\/div>\n \n        <\/div>\n      <\/div>\n\n            \n<style>\n#banner-1103851149 {\n  padding-top: 507px;\n}\n#banner-1103851149 .overlay {\n  background-color: &quot;rgba(0,;\n}\n<\/style>\n  <\/div>\n\n\n\n\t<section class=\"section\" id=\"section_2075681143\">\n\t\t<div class=\"section-bg fill\" >\n\t\t\t\t\t\t\t\t\t\n\t\t\t\n\n\t\t<\/div>\n\n\t\t\n\n\t\t<div class=\"section-content relative\">\n\t\t\t\n\t<div id=\"gap-623437357\" class=\"gap-element clearfix\" style=\"display:block; height:auto;\">\n\t\t\n<style>\n#gap-623437357 {\n  padding-top: 30px;\n}\n<\/style>\n\t<\/div>\n\t\n<div class=\"text-center\"><div class=\"is-divider divider clearfix\" style=\"max-width:100px;height:4px;background-color:rgb(221, 51, 51);\"><\/div><\/div>\n<div class=\"row align-center\" style=\"max-width:1300px\" id=\"row-2025375247\">\n\n\t<div id=\"col-837068482\" class=\"col medium-9 small-12 large-6\"  >\n\t\t\t\t<div class=\"col-inner\"  >\n\t\t\t\n\t\t\t\n\t<div id=\"text-3870534891\" class=\"text\">\n\t\t\n<h2 class=\"uppercase\">La Geria<\/h2>\n\t\t\n<style>\n#text-3870534891 {\n  font-size: 1.75rem;\n  text-align: center;\n}\n<\/style>\n\t<\/div>\n\t\n\t\t<\/div>\n\t\t\t\t\t<\/div>\n\n\t\n<\/div>\n<div class=\"row row-small\" style=\"max-width:1300px\" id=\"row-2082823016\">\n\n\t<div id=\"col-141098727\" class=\"col medium-6 small-12 large-3\"  >\n\t\t\t\t<div class=\"col-inner\"  >\n\t\t\t\n\t\t\t\n\t<div class=\"box has-hover   has-hover box-text-bottom\" >\n\n\t\t<div class=\"box-image\" >\n\t\t\t<a href=\"#\" >\t\t\t<div class=\"image-overlay-add image-cover\" style=\"padding-top:100%;\">\n\t\t\t\t<img loading=\"lazy\" decoding=\"async\" width=\"1440\" height=\"1080\" src=\"https:\/\/dev.lageria.com\/wp-content\/uploads\/2026\/04\/scenic-view-rocky-mountains-against-clear-blue-sky.jpg\" class=\"attachment- size-\" alt=\"\" srcset=\"https:\/\/dev.lageria.com\/wp-content\/uploads\/2026\/04\/scenic-view-rocky-mountains-against-clear-blue-sky.jpg 1440w, https:\/\/dev.lageria.com\/wp-content\/uploads\/2026\/04\/scenic-view-rocky-mountains-against-clear-blue-sky-300x225.jpg 300w, https:\/\/dev.lageria.com\/wp-content\/uploads\/2026\/04\/scenic-view-rocky-mountains-against-clear-blue-sky-1024x768.jpg 1024w, https:\/\/dev.lageria.com\/wp-content\/uploads\/2026\/04\/scenic-view-rocky-mountains-against-clear-blue-sky-768x576.jpg 768w, https:\/\/dev.lageria.com\/wp-content\/uploads\/2026\/04\/scenic-view-rocky-mountains-against-clear-blue-sky-600x450.jpg 600w\" sizes=\"auto, (max-width: 1440px) 100vw, 1440px\" \/>\t\t\t\t<div class=\"overlay\" style=\"background-color:rgba(253, 111, 94, 0.6)\"><\/div>\t\t\t\t\t\t\t<\/div>\n\t\t\t<\/a>\t\t<\/div>\n\n\t\t<div class=\"box-text text-center\" >\n\t\t\t<div class=\"box-text-inner\">\n\t\t\t\t\n<div class=\"text-center\"><div class=\"is-divider divider clearfix\" style=\"max-width:100px;height:4px;background-color:rgb(221, 51, 51);\"><\/div><\/div>\n\t<div id=\"text-526512845\" class=\"text\">\n\t\t\n<h4>Einzigartige Vulkanlandschaft<\/h4>\n\t\t\n<style>\n#text-526512845 {\n  font-size: 1.75rem;\n}\n<\/style>\n\t<\/div>\n\t\n\t\t\t<\/div>\n\t\t<\/div>\n\t<\/div>\n\t\n\t\t<\/div>\n\t\t\t\t\t<\/div>\n\n\t\n\n\t<div id=\"col-1902286099\" class=\"col medium-6 small-12 large-3\"  >\n\t\t\t\t<div class=\"col-inner\"  >\n\t\t\t\n\t\t\t\n\t<div class=\"box has-hover   has-hover box-text-bottom\" >\n\n\t\t<div class=\"box-image\" >\n\t\t\t<a href=\"#\" >\t\t\t<div class=\"image-overlay-add image-cover\" style=\"padding-top:100%;\">\n\t\t\t\t<img loading=\"lazy\" decoding=\"async\" width=\"1620\" height=\"1080\" src=\"https:\/\/dev.lageria.com\/wp-content\/uploads\/2026\/04\/lanzarote-canary-island.jpg\" class=\"attachment- size-\" alt=\"\" srcset=\"https:\/\/dev.lageria.com\/wp-content\/uploads\/2026\/04\/lanzarote-canary-island.jpg 1620w, https:\/\/dev.lageria.com\/wp-content\/uploads\/2026\/04\/lanzarote-canary-island-300x200.jpg 300w, https:\/\/dev.lageria.com\/wp-content\/uploads\/2026\/04\/lanzarote-canary-island-1024x683.jpg 1024w, https:\/\/dev.lageria.com\/wp-content\/uploads\/2026\/04\/lanzarote-canary-island-768x512.jpg 768w, https:\/\/dev.lageria.com\/wp-content\/uploads\/2026\/04\/lanzarote-canary-island-1536x1024.jpg 1536w, https:\/\/dev.lageria.com\/wp-content\/uploads\/2026\/04\/lanzarote-canary-island-600x400.jpg 600w\" sizes=\"auto, (max-width: 1620px) 100vw, 1620px\" \/>\t\t\t\t<div class=\"overlay\" style=\"background-color:rgba(253, 111, 94, 0.6)\"><\/div>\t\t\t\t\t\t\t<\/div>\n\t\t\t<\/a>\t\t<\/div>\n\n\t\t<div class=\"box-text text-center\" >\n\t\t\t<div class=\"box-text-inner\">\n\t\t\t\t\n<div class=\"text-center\"><div class=\"is-divider divider clearfix\" style=\"max-width:100px;height:4px;background-color:rgb(221, 51, 51);\"><\/div><\/div>\n\t<div id=\"text-1861463643\" class=\"text\">\n\t\t\n<h4>Malvasia-Reben<\/h4>\n\t\t\n<style>\n#text-1861463643 {\n  font-size: 1.75rem;\n}\n<\/style>\n\t<\/div>\n\t\n\t\t\t<\/div>\n\t\t<\/div>\n\t<\/div>\n\t\n\t\t<\/div>\n\t\t\t\t\t<\/div>\n\n\t\n\n\t<div id=\"col-1663493638\" class=\"col medium-6 small-12 large-3\"  >\n\t\t\t\t<div class=\"col-inner\"  >\n\t\t\t\n\t\t\t\n\t<div class=\"box has-hover   has-hover box-text-bottom\" >\n\n\t\t<div class=\"box-image\" >\n\t\t\t<a href=\"#\" >\t\t\t<div class=\"image-overlay-add image-cover\" style=\"padding-top:100%;\">\n\t\t\t\t<img loading=\"lazy\" decoding=\"async\" width=\"1620\" height=\"1080\" src=\"https:\/\/dev.lageria.com\/wp-content\/uploads\/2026\/04\/timanfaya-national-park-lanzarote-canary-island-spain.jpg\" class=\"attachment- size-\" alt=\"\" srcset=\"https:\/\/dev.lageria.com\/wp-content\/uploads\/2026\/04\/timanfaya-national-park-lanzarote-canary-island-spain.jpg 1620w, https:\/\/dev.lageria.com\/wp-content\/uploads\/2026\/04\/timanfaya-national-park-lanzarote-canary-island-spain-300x200.jpg 300w, https:\/\/dev.lageria.com\/wp-content\/uploads\/2026\/04\/timanfaya-national-park-lanzarote-canary-island-spain-1024x683.jpg 1024w, https:\/\/dev.lageria.com\/wp-content\/uploads\/2026\/04\/timanfaya-national-park-lanzarote-canary-island-spain-768x512.jpg 768w, https:\/\/dev.lageria.com\/wp-content\/uploads\/2026\/04\/timanfaya-national-park-lanzarote-canary-island-spain-1536x1024.jpg 1536w, https:\/\/dev.lageria.com\/wp-content\/uploads\/2026\/04\/timanfaya-national-park-lanzarote-canary-island-spain-600x400.jpg 600w\" sizes=\"auto, (max-width: 1620px) 100vw, 1620px\" \/>\t\t\t\t<div class=\"overlay\" style=\"background-color:rgba(253, 111, 94, 0.6)\"><\/div>\t\t\t\t\t\t\t<\/div>\n\t\t\t<\/a>\t\t<\/div>\n\n\t\t<div class=\"box-text text-center\" >\n\t\t\t<div class=\"box-text-inner\">\n\t\t\t\t\n<div class=\"text-center\"><div class=\"is-divider divider clearfix\" style=\"max-width:100px;height:4px;background-color:rgb(221, 51, 51);\"><\/div><\/div>\n\t<div id=\"text-614782440\" class=\"text\">\n\t\t\n<h4>Lapilli-Zapfen<\/h4>\n\t\t\n<style>\n#text-614782440 {\n  font-size: 1.75rem;\n}\n<\/style>\n\t<\/div>\n\t\n\t\t\t<\/div>\n\t\t<\/div>\n\t<\/div>\n\t\n\t\t<\/div>\n\t\t\t\t\t<\/div>\n\n\t\n\n\t<div id=\"col-666236775\" class=\"col medium-6 small-12 large-3\"  >\n\t\t\t\t<div class=\"col-inner\"  >\n\t\t\t\n\t\t\t\n\t<div class=\"box has-hover   has-hover box-text-bottom\" >\n\n\t\t<div class=\"box-image\" >\n\t\t\t<a href=\"#\" >\t\t\t<div class=\"image-overlay-add image-cover\" style=\"padding-top:100%;\">\n\t\t\t\t<img loading=\"lazy\" decoding=\"async\" width=\"1052\" height=\"1343\" src=\"https:\/\/dev.lageria.com\/wp-content\/uploads\/2026\/04\/20201228_085708.jpg\" class=\"attachment- size-\" alt=\"\" srcset=\"https:\/\/dev.lageria.com\/wp-content\/uploads\/2026\/04\/20201228_085708.jpg 1052w, https:\/\/dev.lageria.com\/wp-content\/uploads\/2026\/04\/20201228_085708-235x300.jpg 235w, https:\/\/dev.lageria.com\/wp-content\/uploads\/2026\/04\/20201228_085708-802x1024.jpg 802w, https:\/\/dev.lageria.com\/wp-content\/uploads\/2026\/04\/20201228_085708-768x980.jpg 768w, https:\/\/dev.lageria.com\/wp-content\/uploads\/2026\/04\/20201228_085708-600x766.jpg 600w\" sizes=\"auto, (max-width: 1052px) 100vw, 1052px\" \/>\t\t\t\t<div class=\"overlay\" style=\"background-color:rgba(253, 111, 94, 0.6)\"><\/div>\t\t\t\t\t\t\t<\/div>\n\t\t\t<\/a>\t\t<\/div>\n\n\t\t<div class=\"box-text text-center\" >\n\t\t\t<div class=\"box-text-inner\">\n\t\t\t\t\n<div class=\"text-center\"><div class=\"is-divider divider clearfix\" style=\"max-width:100px;height:4px;background-color:rgb(221, 51, 51);\"><\/div><\/div>\n\t<div id=\"text-2981485168\" class=\"text\">\n\t\t\n<h4>Naturpark<\/h4>\n\t\t\n<style>\n#text-2981485168 {\n  font-size: 1.75rem;\n}\n<\/style>\n\t<\/div>\n\t\n\t\t\t<\/div>\n\t\t<\/div>\n\t<\/div>\n\t\n\t\t<\/div>\n\t\t\t\t\t<\/div>\n\n\t\n<\/div>\n\t\t<\/div>\n\n\t\t\n<style>\n#section_2075681143 {\n  padding-top: 35px;\n  padding-bottom: 35px;\n  background-color: rgb(255,255,255);\n}\n@media (min-width:850px) {\n  #section_2075681143 {\n    padding-top: 0px;\n    padding-bottom: 0px;\n  }\n}\n<\/style>\n\t<\/section>\n\t\n\n\t<section class=\"section\" id=\"section_1392527839\">\n\t\t<div class=\"section-bg fill\" >\n\t\t\t\t\t\t\t\t\t\n\t\t\t\n\n\t\t<\/div>\n\n\t\t\n\n\t\t<div class=\"section-content relative\">\n\t\t\t\n<div class=\"row row-collapse row-full-width align-middle\"  id=\"row-1366650124\">\n\n\t<div id=\"col-940431946\" class=\"col medium-12 small-12 large-6 medium-col-first\"  >\n\t\t\t\t<div class=\"col-inner\"  >\n\t\t\t\n\t\t\t\n\n  <div class=\"banner has-hover\" id=\"banner-2069275162\">\n          <div class=\"banner-inner fill\">\n        <div class=\"banner-bg fill\" >\n            <img loading=\"lazy\" decoding=\"async\" width=\"1020\" height=\"573\" src=\"https:\/\/dev.lageria.com\/wp-content\/uploads\/2026\/04\/gerias-1024x575.jpeg\" class=\"bg attachment-large size-large\" alt=\"\" \/>                                    \n                    <\/div>\n\t\t\n        <div class=\"banner-layers container\">\n            <div class=\"fill banner-link\"><\/div>            \n   <div id=\"text-box-338780445\" class=\"text-box banner-layer x50 md-x50 lg-x50 y50 md-y50 lg-y50 res-text\">\n                                <div class=\"text-box-content text dark\">\n              \n              <div class=\"text-inner text-center\">\n                  \n              <\/div>\n           <\/div>\n                            \n<style>\n#text-box-338780445 {\n  width: 60%;\n}\n#text-box-338780445 .text-box-content {\n  font-size: 100%;\n}\n@media (min-width:550px) {\n  #text-box-338780445 {\n    width: 60%;\n  }\n}\n<\/style>\n    <\/div>\n \n        <\/div>\n      <\/div>\n\n            \n<style>\n#banner-2069275162 {\n  padding-top: 300px;\n  background-color: rgb(0,0,0);\n}\n#banner-2069275162 .banner-bg img {\n  object-position: 50% 0%;\n}\n@media (min-width:550px) {\n  #banner-2069275162 {\n    padding-top: 400px;\n  }\n}\n@media (min-width:850px) {\n  #banner-2069275162 {\n    padding-top: 700px;\n  }\n}\n<\/style>\n  <\/div>\n\n\n\t\t<\/div>\n\t\t\t\t\t<\/div>\n\n\t\n\n\t<div id=\"col-193612819\" class=\"col medium-12 small-12 large-6\"  >\n\t\t\t\t<div class=\"col-inner text-left\"  >\n\t\t\t\n\t\t\t\n<div class=\"row align-center\"  id=\"row-1448631828\">\n\n\t<div id=\"col-1178939012\" class=\"col medium-10 small-10 large-8\"  >\n\t\t\t\t<div class=\"col-inner\"  >\n\t\t\t\n\t\t\t\n<div class=\"is-divider divider clearfix\" style=\"max-width:100px;height:4px;background-color:rgb(221, 51, 51);\"><\/div>\n\t<div id=\"text-3843807236\" class=\"text\">\n\t\t\n<h1 class=\"uppercase\">DIE INSEL LANZAROTE<\/h1>\n\t\t\n<style>\n#text-3843807236 {\n  font-size: 1.5rem;\n  color: rgb(0,0,0);\n}\n#text-3843807236 > * {\n  color: rgb(0,0,0);\n}\n@media (min-width:550px) {\n  #text-3843807236 {\n    font-size: 2.25rem;\n  }\n}\n<\/style>\n\t<\/div>\n\t\n<p>La Geria ist ein Gebiet auf der Kanarischen Insel Lanzarote (Spanien), das f\u00fcr seine einzigartige Vulkanlandschaft bekannt ist. Es wurde f\u00fcr den Weinanbau genutzt, wobei die Rebsorte Malvasia besonders h\u00e4ufig vorkam.<\/p>\n\t<div id=\"gap-930970863\" class=\"gap-element clearfix\" style=\"display:block; height:auto;\">\n\t\t\n<style>\n#gap-930970863 {\n  padding-top: 10px;\n}\n<\/style>\n\t<\/div>\n\t\n<a class=\"button alert\" style=\"padding:5px 30px 5px 30px;\">\n\t\t<span>Mehr erfahren<\/span>\n\t<\/a>\n\n\t<div id=\"gap-238206308\" class=\"gap-element clearfix\" style=\"display:block; height:auto;\">\n\t\t\n<style>\n#gap-238206308 {\n  padding-top: 0px;\n}\n@media (min-width:550px) {\n  #gap-238206308 {\n    padding-top: 30px;\n  }\n}\n<\/style>\n\t<\/div>\n\t\n\t\t<\/div>\n\t\t\t\t\t<\/div>\n\n\t\n\n<style>\n#row-1448631828 > .col > .col-inner {\n  padding: 20px 0px 20px 0px;\n}\n@media (min-width:550px) {\n  #row-1448631828 > .col > .col-inner {\n    padding: 60px 0px 60px 0px;\n  }\n}\n@media (min-width:850px) {\n  #row-1448631828 > .col > .col-inner {\n    padding: 60px 0px 40px 0px;\n  }\n}\n<\/style>\n<\/div>\n\t\t<\/div>\n\t\t\t\t\t<\/div>\n\n\t\n<\/div>\n\t\t<\/div>\n\n\t\t\n<style>\n#section_1392527839 {\n  padding-top: 0px;\n  padding-bottom: 0px;\n  background-color: rgb(255,255,255);\n}\n<\/style>\n\t<\/section>\n\t\n\n\t<section class=\"section\" id=\"section_1855859880\">\n\t\t<div class=\"section-bg fill\" >\n\t\t\t\t\t\t\t\t\t\n\t\t\t\n\n\t\t<\/div>\n\n\t\t\n\n\t\t<div class=\"section-content relative\">\n\t\t\t\n<div class=\"row row-collapse row-full-width align-middle\"  id=\"row-305787603\">\n\n\t<div id=\"col-1676089536\" class=\"col medium-12 small-12 large-6\"  >\n\t\t\t\t<div class=\"col-inner text-left\"  >\n\t\t\t\n\t\t\t\n<div class=\"row align-center\"  id=\"row-1929973209\">\n\n\t<div id=\"col-521323501\" class=\"col medium-10 small-10 large-10\"  >\n\t\t\t\t<div class=\"col-inner\"  >\n\t\t\t\n\t\t\t\n<div class=\"is-divider divider clearfix\" style=\"max-width:100px;height:4px;background-color:rgb(221, 51, 51);\"><\/div>\n\t<div id=\"text-320006832\" class=\"text\">\n\t\t\n<h1 class=\"uppercase\">DER NATURPARK GERIA<\/h1>\n\t\t\n<style>\n#text-320006832 {\n  font-size: 1.5rem;\n  color: rgb(0,0,0);\n}\n#text-320006832 > * {\n  color: rgb(0,0,0);\n}\n@media (min-width:550px) {\n  #text-320006832 {\n    font-size: 2.25rem;\n  }\n}\n<\/style>\n\t<\/div>\n\t\n<p>Die Reben werden in aus Lapilli geformten Kegeln, lokal \u201ePic\u00f3n\u201c genannt, gepflanzt und zus\u00e4tzlich durch kleine Trockenmauern gesch\u00fctzt. Auch Obstb\u00e4ume, wie beispielsweise Feigenb\u00e4ume, werden auf diese Weise angebaut. Diese Pflanzmethode erm\u00f6glicht es den Pflanzen, im fruchtbaren Boden leichter Wurzeln zu schlagen, w\u00e4hrend die oberste Schicht aus Lapilli die Verdunstung reduziert. Dar\u00fcber hinaus sch\u00fctzen die Form der Gruben und die zus\u00e4tzliche Mauer die Pflanzen vor Wind.<\/p>\n<p>Der Naturpark La Geria umfasst Gebiete in den Gemeinden Yaiza, T\u00edas, Tinajo, San Bartolom\u00e9 und Teguise. Es umfasst mehrere kleine D\u00f6rfer: Masdache, Vega de Tegoyo, La Asomada, Conil, Mozaga, La Geria und El Islote-Casa de la Florida.<\/p>\n\t<div id=\"gap-917774036\" class=\"gap-element clearfix\" style=\"display:block; height:auto;\">\n\t\t\n<style>\n#gap-917774036 {\n  padding-top: 10px;\n}\n<\/style>\n\t<\/div>\n\t\n<a class=\"button alert\" style=\"padding:5px 30px 5px 30px;\">\n\t\t<span>Mehr erfahren<\/span>\n\t<\/a>\n\n\t<div id=\"gap-262665618\" class=\"gap-element clearfix\" style=\"display:block; height:auto;\">\n\t\t\n<style>\n#gap-262665618 {\n  padding-top: 0px;\n}\n@media (min-width:550px) {\n  #gap-262665618 {\n    padding-top: 30px;\n  }\n}\n<\/style>\n\t<\/div>\n\t\n\t\t<\/div>\n\t\t\t\t\t<\/div>\n\n\t\n\n<style>\n#row-1929973209 > .col > .col-inner {\n  padding: 20px 0px 20px 0px;\n}\n@media (min-width:550px) {\n  #row-1929973209 > .col > .col-inner {\n    padding: 60px 0px 60px 0px;\n  }\n}\n@media (min-width:850px) {\n  #row-1929973209 > .col > .col-inner {\n    padding: 60px 0px 40px 0px;\n  }\n}\n<\/style>\n<\/div>\n\t\t<\/div>\n\t\t\t\t\t<\/div>\n\n\t\n\n\t<div id=\"col-645892002\" class=\"col medium-12 small-12 large-6 medium-col-first\"  >\n\t\t\t\t<div class=\"col-inner\"  >\n\t\t\t\n\t\t\t\n\n  <div class=\"banner has-hover\" id=\"banner-917994190\">\n          <div class=\"banner-inner fill\">\n        <div class=\"banner-bg fill\" >\n            <img loading=\"lazy\" decoding=\"async\" width=\"1020\" height=\"708\" src=\"https:\/\/dev.lageria.com\/wp-content\/uploads\/2026\/04\/paisajes-01-1024x711.jpeg\" class=\"bg attachment-large size-large\" alt=\"\" \/>                                    \n                    <\/div>\n\t\t\n        <div class=\"banner-layers container\">\n            <div class=\"fill banner-link\"><\/div>            \n   <div id=\"text-box-1329729221\" class=\"text-box banner-layer x50 md-x50 lg-x50 y50 md-y50 lg-y50 res-text\">\n                                <div class=\"text-box-content text dark\">\n              \n              <div class=\"text-inner text-center\">\n                  \n              <\/div>\n           <\/div>\n                            \n<style>\n#text-box-1329729221 {\n  width: 60%;\n}\n#text-box-1329729221 .text-box-content {\n  font-size: 100%;\n}\n@media (min-width:550px) {\n  #text-box-1329729221 {\n    width: 60%;\n  }\n}\n<\/style>\n    <\/div>\n \n        <\/div>\n      <\/div>\n\n            \n<style>\n#banner-917994190 {\n  padding-top: 300px;\n  background-color: rgb(36, 38, 42);\n}\n#banner-917994190 .banner-bg img {\n  object-position: 51% 54%;\n}\n@media (min-width:550px) {\n  #banner-917994190 {\n    padding-top: 500px;\n  }\n}\n@media (min-width:850px) {\n  #banner-917994190 {\n    padding-top: 700px;\n  }\n}\n<\/style>\n  <\/div>\n\n\n\t\t<\/div>\n\t\t\t\t\t<\/div>\n\n\t\n<\/div>\n\t\t<\/div>\n\n\t\t\n<style>\n#section_1855859880 {\n  padding-top: 0px;\n  padding-bottom: 0px;\n  background-color: rgb(255,255,255);\n}\n<\/style>\n\t<\/section>\n\t\n\n\t<section class=\"section dark\" id=\"section_697501616\">\n\t\t<div class=\"section-bg fill\" >\n\t\t\t\t\t\t\t\t\t\n\t\t\t\n\n\t\t<\/div>\n\n\t\t\n\n\t\t<div class=\"section-content relative\">\n\t\t\t\n<div class=\"row\"  id=\"row-605368015\">\n\n\t<div id=\"col-788525149\" class=\"col small-12 large-12\"  >\n\t\t\t\t<div class=\"col-inner text-center\"  >\n\t\t\t\n\t\t\t\n\t<div id=\"gap-1022934811\" class=\"gap-element clearfix\" style=\"display:block; height:auto;\">\n\t\t\n<style>\n#gap-1022934811 {\n  padding-top: 35px;\n}\n<\/style>\n\t<\/div>\n\t\n<div class=\"is-divider divider clearfix\" style=\"max-width:100px;height:4px;background-color:rgb(255, 255, 255);\"><\/div>\n\t<div id=\"text-3514121042\" class=\"text\">\n\t\t\n<h2 class=\"uppercase\">KONTAKT<\/h2>\n\t\t\n<style>\n#text-3514121042 {\n  font-size: 2rem;\n  text-align: center;\n}\n@media (min-width:550px) {\n  #text-3514121042 {\n    font-size: 1.5rem;\n  }\n}\n<\/style>\n\t<\/div>\n\t\n\t\t<\/div>\n\t\t\t\t\t<\/div>\n\n\t\n<\/div>\n<div class=\"row row-large\" style=\"max-width:1300px\" id=\"row-1503504448\">\n\n\t<div id=\"col-762606132\" class=\"col medium-4 small-12 large-4\"  >\n\t\t\t\t<div class=\"col-inner text-center\"  >\n\t\t\t\n\t\t\t\n\n\t\t<div class=\"icon-box featured-box icon-box-top text-left\"  >\n\t\t\t\t<div class=\"icon-box-text last-reset\">\n\t\t\t\t\t\t\t\t\t\n\t<div id=\"text-3122088687\" class=\"text\">\n\t\t\n<h3>info@lageria.com<\/h3>\n\t\t\n<style>\n#text-3122088687 {\n  font-size: 1.5rem;\n  text-align: center;\n}\n@media (min-width:550px) {\n  #text-3122088687 {\n    font-size: 1.25rem;\n  }\n}\n<\/style>\n\t<\/div>\n\t\n\t\t<\/div>\n\t<\/div>\n\t\n\t\n\t\t<\/div>\n\t\t\t\t\t<\/div>\n\n\t\n\n\t<div id=\"col-1437022922\" class=\"col medium-4 small-12 large-4\"  >\n\t\t\t\t<div class=\"col-inner text-center\"  >\n\t\t\t\n\t\t\t\n\n\t\t<div class=\"icon-box featured-box icon-box-top text-left\"  >\n\t\t\t\t<div class=\"icon-box-text last-reset\">\n\t\t\t\t\t\t\t\t\t\n\t<div id=\"text-4111610961\" class=\"text\">\n\t\t\n<h3>Ctra de la Geria Km. 19, 35570 La Geria, Lanzarote Spanien<\/h3>\n\t\t\n<style>\n#text-4111610961 {\n  font-size: 1.5rem;\n  text-align: center;\n}\n@media (min-width:550px) {\n  #text-4111610961 {\n    font-size: 1.25rem;\n  }\n}\n<\/style>\n\t<\/div>\n\t\n\t\t<\/div>\n\t<\/div>\n\t\n\t\n\t\t<\/div>\n\t\t\t\t\t<\/div>\n\n\t\n\n\t<div id=\"col-932043918\" class=\"col medium-4 small-12 large-4\"  >\n\t\t\t\t<div class=\"col-inner text-center\"  >\n\t\t\t\n\t\t\t\n\n\t\t<div class=\"icon-box featured-box icon-box-top text-left\"  >\n\t\t\t\t<div class=\"icon-box-text last-reset\">\n\t\t\t\t\t\t\t\t\t\n\t<div id=\"text-3477014382\" class=\"text\">\n\t\t\n<h3>+34 928 173 178 \/ +34 928 659 235<\/h3>\n\t\t\n<style>\n#text-3477014382 {\n  font-size: 1.5rem;\n  text-align: center;\n}\n@media (min-width:550px) {\n  #text-3477014382 {\n    font-size: 1.25rem;\n  }\n}\n<\/style>\n\t<\/div>\n\t\n\t\t<\/div>\n\t<\/div>\n\t\n\t\n\t\t<\/div>\n\t\t\t\t\t<\/div>\n\n\t\n<\/div>\n\t\t<\/div>\n\n\t\t\n<style>\n#section_697501616 {\n  padding-top: 50px;\n  padding-bottom: 50px;\n  background-color: #dd3333;\n}\n<\/style>\n\t<\/section>\n\t\n","protected":false},"excerpt":{"rendered":"","protected":false},"author":1,"featured_media":0,"parent":0,"menu_order":0,"comment_status":"closed","ping_status":"closed","template":"page-blank.php","meta":{"footnotes":""},"class_list":["post-240482","page","type-page","status-publish","hentry"],"_links":{"self":[{"href":"https:\/\/dev.lageria.com\/de\/wp-json\/wp\/v2\/pages\/240482","targetHints":{"allow":["GET"]}}],"collection":[{"href":"https:\/\/dev.lageria.com\/de\/wp-json\/wp\/v2\/pages"}],"about":[{"href":"https:\/\/dev.lageria.com\/de\/wp-json\/wp\/v2\/types\/page"}],"author":[{"embeddable":true,"href":"https:\/\/dev.lageria.com\/de\/wp-json\/wp\/v2\/users\/1"}],"replies":[{"embeddable":true,"href":"https:\/\/dev.lageria.com\/de\/wp-json\/wp\/v2\/comments?post=240482"}],"version-history":[{"count":11,"href":"https:\/\/dev.lageria.com\/de\/wp-json\/wp\/v2\/pages\/240482\/revisions"}],"predecessor-version":[{"id":250546,"href":"https:\/\/dev.lageria.com\/de\/wp-json\/wp\/v2\/pages\/240482\/revisions\/250546"}],"wp:attachment":[{"href":"https:\/\/dev.lageria.com\/de\/wp-json\/wp\/v2\/media?parent=240482"}],"curies":[{"name":"wp","href":"https:\/\/api.w.org\/{rel}","templated":true}]}}