{"id":240480,"date":"2024-09-30T17:15:57","date_gmt":"2024-09-30T16:15:57","guid":{"rendered":"https:\/\/www.lageria.com\/?page_id=240480"},"modified":"2026-04-16T19:00:10","modified_gmt":"2026-04-16T18:00:10","slug":"taberna-la-cepa","status":"publish","type":"page","link":"https:\/\/dev.lageria.com\/de\/taberna-la-cepa\/","title":{"rendered":"LA CEPA TAVERNE"},"content":{"rendered":"\n\t<section class=\"section\" id=\"section_1232487827\">\n\t\t<div class=\"section-bg fill\" >\n\t\t\t\t\t\t\t\t\t\n\t\t\t\n\n\t\t<\/div>\n\n\t\t\n\n\t\t<div class=\"section-content relative\">\n\t\t\t\n<div class=\"row row-collapse row-full-width align-middle\"  id=\"row-74075650\">\n\n\t<div id=\"col-730155516\" class=\"col medium-12 small-12 large-6\"  >\n\t\t\t\t<div class=\"col-inner text-left\"  >\n\t\t\t\n\t\t\t\n<div class=\"row align-center\"  id=\"row-1973339606\">\n\n\t<div id=\"col-101489140\" class=\"col medium-10 small-10 large-10\"  >\n\t\t\t\t<div class=\"col-inner\"  >\n\t\t\t\n\t\t\t\n<div class=\"is-divider divider clearfix\" style=\"max-width:100px;height:4px;background-color:rgb(221, 51, 51);\"><\/div>\n\t<div id=\"text-847355112\" class=\"text\">\n\t\t\n<h1 class=\"uppercase\">LA CEPA TAVERNE<\/h1>\n\t\t\n<style>\n#text-847355112 {\n  font-size: 1.5rem;\n  color: rgb(0,0,0);\n}\n#text-847355112 > * {\n  color: rgb(0,0,0);\n}\n@media (min-width:550px) {\n  #text-847355112 {\n    font-size: 2.25rem;\n  }\n}\n<\/style>\n\t<\/div>\n\t\n<p>Mit fantastischem Blick auf den Naturpark La Geria genie\u00dfen Sie eine exquisite Auswahl an Tapas, begleitet von unseren Malvasia-Weinen aus La Geria. Wenn Sie etwas mehr Zeit haben, werfen Sie einen Blick in unsere Speisekarte und probieren Sie typische Inselgerichte wie Ziegenfleisch,<\/p>\n<p>Kichererbseneintopf oder mariniertes Schweinefleisch.<\/p>\n<p>Das Bar-Caf\u00e9 ist t\u00e4glich von 9:00 bis 18:00 Uhr ge\u00f6ffnet (K\u00fcche: bis 16:30 Uhr). F\u00fcr weitere Informationen und Reservierungen rufen Sie bitte 828 180 501 an.<\/p>\n<p>Begrenzte Kapazit\u00e4t<\/p>\n\t<div id=\"gap-82016833\" class=\"gap-element clearfix\" style=\"display:block; height:auto;\">\n\t\t\n<style>\n#gap-82016833 {\n  padding-top: 10px;\n}\n<\/style>\n\t<\/div>\n\t\n<a href=\"\/wp-content\/uploads\/cartabarlacepa2023.pdf\" target=\"_blank\" class=\"button alert is-gloss is-small lowercase expand\" rel=\"noopener\" style=\"padding:5px 30px 5px 30px;\">\n\t\t<span>BRIEF HERUNTERLADEN<\/span>\n\t<i class=\"icon-play\" aria-hidden=\"true\"><\/i><\/a>\n\n\t<div id=\"gap-1746265573\" class=\"gap-element clearfix\" style=\"display:block; height:auto;\">\n\t\t\n<style>\n#gap-1746265573 {\n  padding-top: 0px;\n}\n@media (min-width:550px) {\n  #gap-1746265573 {\n    padding-top: 30px;\n  }\n}\n<\/style>\n\t<\/div>\n\t\n\t\t<\/div>\n\t\t\t\t\t<\/div>\n\n\t\n\n<style>\n#row-1973339606 > .col > .col-inner {\n  padding: 20px 0px 20px 0px;\n}\n@media (min-width:550px) {\n  #row-1973339606 > .col > .col-inner {\n    padding: 60px 0px 60px 0px;\n  }\n}\n@media (min-width:850px) {\n  #row-1973339606 > .col > .col-inner {\n    padding: 60px 0px 40px 0px;\n  }\n}\n<\/style>\n<\/div>\n\t\t<\/div>\n\t\t\t\t\t<\/div>\n\n\t\n\n\t<div id=\"col-1212506994\" class=\"col medium-12 small-12 large-6 medium-col-first\"  >\n\t\t\t\t<div class=\"col-inner\"  >\n\t\t\t\n\t\t\t\n\t<div id=\"text-213691471\" class=\"text\">\n\t\t\n\t\t\n<style>\n#text-213691471 {\n  font-size: 2rem;\n  text-align: center;\n}\n@media (min-width:550px) {\n  #text-213691471 {\n    font-size: 1.5rem;\n  }\n}\n<\/style>\n\t<\/div>\n\t\n\n  <div class=\"banner has-hover\" id=\"banner-2042383649\">\n          <div class=\"banner-inner fill\">\n        <div class=\"banner-bg fill\" >\n            <img loading=\"lazy\" decoding=\"async\" width=\"768\" height=\"512\" src=\"https:\/\/dev.lageria.com\/wp-content\/uploads\/2026\/04\/G7A5975-768x512.jpg\" class=\"bg attachment-medium_large size-medium_large\" alt=\"\" \/>                                    \n                    <\/div>\n\t\t\n        <div class=\"banner-layers container\">\n            <div class=\"fill banner-link\"><\/div>            \n   <div id=\"text-box-430554575\" class=\"text-box banner-layer x50 md-x50 lg-x50 y50 md-y50 lg-y50 res-text\">\n                                <div class=\"text-box-content text dark\">\n              \n              <div class=\"text-inner text-center\">\n                  \n              <\/div>\n           <\/div>\n                            \n<style>\n#text-box-430554575 {\n  width: 60%;\n}\n#text-box-430554575 .text-box-content {\n  font-size: 100%;\n}\n@media (min-width:550px) {\n  #text-box-430554575 {\n    width: 60%;\n  }\n}\n<\/style>\n    <\/div>\n \n        <\/div>\n      <\/div>\n\n            \n<style>\n#banner-2042383649 {\n  padding-top: 300px;\n  background-color: rgb(36, 38, 42);\n}\n#banner-2042383649 .banner-bg img {\n  object-position: 51% 54%;\n}\n@media (min-width:550px) {\n  #banner-2042383649 {\n    padding-top: 500px;\n  }\n}\n@media (min-width:850px) {\n  #banner-2042383649 {\n    padding-top: 700px;\n  }\n}\n<\/style>\n  <\/div>\n\n\n\t\t<\/div>\n\t\t\t\t\t<\/div>\n\n\t\n<\/div>\n\n  \n    <div class=\"row large-columns-4 medium-columns-3 small-columns-2\" >\n  <div class=\"gallery-col col\" >\n          <div class=\"col-inner\">\n            <a class=\"image-lightbox lightbox-gallery\" href=\"https:\/\/dev.lageria.com\/wp-content\/uploads\/2026\/04\/G7A5975-1024x683.jpg\" title=\"\">            <div class=\"box has-hover gallery-box box-overlay dark\">\n              <div class=\"box-image\" >\n                <img loading=\"lazy\" decoding=\"async\" width=\"300\" height=\"200\" src=\"https:\/\/dev.lageria.com\/wp-content\/uploads\/2026\/04\/G7A5975-300x200.jpg\" class=\"attachment-medium size-medium\" alt=\"\" ids=\"240516,240521,240515,240513,240514,240517,240512\" srcset=\"https:\/\/dev.lageria.com\/wp-content\/uploads\/2026\/04\/G7A5975-300x200.jpg 300w, https:\/\/dev.lageria.com\/wp-content\/uploads\/2026\/04\/G7A5975-1024x683.jpg 1024w, https:\/\/dev.lageria.com\/wp-content\/uploads\/2026\/04\/G7A5975-768x512.jpg 768w, https:\/\/dev.lageria.com\/wp-content\/uploads\/2026\/04\/G7A5975-1536x1024.jpg 1536w, https:\/\/dev.lageria.com\/wp-content\/uploads\/2026\/04\/G7A5975-600x400.jpg 600w, https:\/\/dev.lageria.com\/wp-content\/uploads\/2026\/04\/G7A5975.jpg 2048w\" sizes=\"auto, (max-width: 300px) 100vw, 300px\" \/>                                  <div class=\"overlay fill\"\n                      style=\"background-color: rgba(0,0,0,.15)\">\n                  <\/div>\n                                                              <\/div>\n              <div class=\"box-text text-left\" >\n                 <p><\/p>\n              <\/div>\n            <\/div>\n            <\/a>          <\/div>\n         <\/div><div class=\"gallery-col col\" >\n          <div class=\"col-inner\">\n            <a class=\"image-lightbox lightbox-gallery\" href=\"https:\/\/dev.lageria.com\/wp-content\/uploads\/2026\/04\/IMG_0112-1024x683.jpg\" title=\"\">            <div class=\"box has-hover gallery-box box-overlay dark\">\n              <div class=\"box-image\" >\n                <img loading=\"lazy\" decoding=\"async\" width=\"300\" height=\"200\" src=\"https:\/\/dev.lageria.com\/wp-content\/uploads\/2026\/04\/IMG_0112-300x200.jpg\" class=\"attachment-medium size-medium\" alt=\"\" ids=\"240516,240521,240515,240513,240514,240517,240512\" srcset=\"https:\/\/dev.lageria.com\/wp-content\/uploads\/2026\/04\/IMG_0112-300x200.jpg 300w, https:\/\/dev.lageria.com\/wp-content\/uploads\/2026\/04\/IMG_0112-1024x683.jpg 1024w, https:\/\/dev.lageria.com\/wp-content\/uploads\/2026\/04\/IMG_0112-768x512.jpg 768w, https:\/\/dev.lageria.com\/wp-content\/uploads\/2026\/04\/IMG_0112-1536x1024.jpg 1536w, https:\/\/dev.lageria.com\/wp-content\/uploads\/2026\/04\/IMG_0112-600x400.jpg 600w, https:\/\/dev.lageria.com\/wp-content\/uploads\/2026\/04\/IMG_0112.jpg 1920w\" sizes=\"auto, (max-width: 300px) 100vw, 300px\" \/>                                  <div class=\"overlay fill\"\n                      style=\"background-color: rgba(0,0,0,.15)\">\n                  <\/div>\n                                                              <\/div>\n              <div class=\"box-text text-left\" >\n                 <p><\/p>\n              <\/div>\n            <\/div>\n            <\/a>          <\/div>\n         <\/div><div class=\"gallery-col col\" >\n          <div class=\"col-inner\">\n            <a class=\"image-lightbox lightbox-gallery\" href=\"https:\/\/dev.lageria.com\/wp-content\/uploads\/2026\/04\/G7A5937-1024x683.jpg\" title=\"\">            <div class=\"box has-hover gallery-box box-overlay dark\">\n              <div class=\"box-image\" >\n                <img loading=\"lazy\" decoding=\"async\" width=\"300\" height=\"200\" src=\"https:\/\/dev.lageria.com\/wp-content\/uploads\/2026\/04\/G7A5937-300x200.jpg\" class=\"attachment-medium size-medium\" alt=\"\" ids=\"240516,240521,240515,240513,240514,240517,240512\" srcset=\"https:\/\/dev.lageria.com\/wp-content\/uploads\/2026\/04\/G7A5937-300x200.jpg 300w, https:\/\/dev.lageria.com\/wp-content\/uploads\/2026\/04\/G7A5937-1024x683.jpg 1024w, https:\/\/dev.lageria.com\/wp-content\/uploads\/2026\/04\/G7A5937-768x512.jpg 768w, https:\/\/dev.lageria.com\/wp-content\/uploads\/2026\/04\/G7A5937-1536x1024.jpg 1536w, https:\/\/dev.lageria.com\/wp-content\/uploads\/2026\/04\/G7A5937-600x400.jpg 600w, https:\/\/dev.lageria.com\/wp-content\/uploads\/2026\/04\/G7A5937.jpg 2048w\" sizes=\"auto, (max-width: 300px) 100vw, 300px\" \/>                                  <div class=\"overlay fill\"\n                      style=\"background-color: rgba(0,0,0,.15)\">\n                  <\/div>\n                                                              <\/div>\n              <div class=\"box-text text-left\" >\n                 <p><\/p>\n              <\/div>\n            <\/div>\n            <\/a>          <\/div>\n         <\/div><div class=\"gallery-col col\" >\n          <div class=\"col-inner\">\n            <a class=\"image-lightbox lightbox-gallery\" href=\"https:\/\/dev.lageria.com\/wp-content\/uploads\/2026\/04\/G7A5952-1024x683.jpg\" title=\"\">            <div class=\"box has-hover gallery-box box-overlay dark\">\n              <div class=\"box-image\" >\n                <img loading=\"lazy\" decoding=\"async\" width=\"300\" height=\"200\" src=\"https:\/\/dev.lageria.com\/wp-content\/uploads\/2026\/04\/G7A5952-300x200.jpg\" class=\"attachment-medium size-medium\" alt=\"\" ids=\"240516,240521,240515,240513,240514,240517,240512\" srcset=\"https:\/\/dev.lageria.com\/wp-content\/uploads\/2026\/04\/G7A5952-300x200.jpg 300w, https:\/\/dev.lageria.com\/wp-content\/uploads\/2026\/04\/G7A5952-1024x683.jpg 1024w, https:\/\/dev.lageria.com\/wp-content\/uploads\/2026\/04\/G7A5952-768x512.jpg 768w, https:\/\/dev.lageria.com\/wp-content\/uploads\/2026\/04\/G7A5952-1536x1024.jpg 1536w, https:\/\/dev.lageria.com\/wp-content\/uploads\/2026\/04\/G7A5952-600x400.jpg 600w, https:\/\/dev.lageria.com\/wp-content\/uploads\/2026\/04\/G7A5952.jpg 2048w\" sizes=\"auto, (max-width: 300px) 100vw, 300px\" \/>                                  <div class=\"overlay fill\"\n                      style=\"background-color: rgba(0,0,0,.15)\">\n                  <\/div>\n                                                              <\/div>\n              <div class=\"box-text text-left\" >\n                 <p><\/p>\n              <\/div>\n            <\/div>\n            <\/a>          <\/div>\n         <\/div><div class=\"gallery-col col\" >\n          <div class=\"col-inner\">\n            <a class=\"image-lightbox lightbox-gallery\" href=\"https:\/\/dev.lageria.com\/wp-content\/uploads\/2026\/04\/G7A5890-1024x683.jpg\" title=\"\">            <div class=\"box has-hover gallery-box box-overlay dark\">\n              <div class=\"box-image\" >\n                <img loading=\"lazy\" decoding=\"async\" width=\"300\" height=\"200\" src=\"https:\/\/dev.lageria.com\/wp-content\/uploads\/2026\/04\/G7A5890-300x200.jpg\" class=\"attachment-medium size-medium\" alt=\"\" ids=\"240516,240521,240515,240513,240514,240517,240512\" srcset=\"https:\/\/dev.lageria.com\/wp-content\/uploads\/2026\/04\/G7A5890-300x200.jpg 300w, https:\/\/dev.lageria.com\/wp-content\/uploads\/2026\/04\/G7A5890-1024x683.jpg 1024w, https:\/\/dev.lageria.com\/wp-content\/uploads\/2026\/04\/G7A5890-768x512.jpg 768w, https:\/\/dev.lageria.com\/wp-content\/uploads\/2026\/04\/G7A5890-1536x1024.jpg 1536w, https:\/\/dev.lageria.com\/wp-content\/uploads\/2026\/04\/G7A5890-600x400.jpg 600w, https:\/\/dev.lageria.com\/wp-content\/uploads\/2026\/04\/G7A5890.jpg 2048w\" sizes=\"auto, (max-width: 300px) 100vw, 300px\" \/>                                  <div class=\"overlay fill\"\n                      style=\"background-color: rgba(0,0,0,.15)\">\n                  <\/div>\n                                                              <\/div>\n              <div class=\"box-text text-left\" >\n                 <p><\/p>\n              <\/div>\n            <\/div>\n            <\/a>          <\/div>\n         <\/div><div class=\"gallery-col col\" >\n          <div class=\"col-inner\">\n            <a class=\"image-lightbox lightbox-gallery\" href=\"https:\/\/dev.lageria.com\/wp-content\/uploads\/2026\/04\/G7A5986-1024x683.jpg\" title=\"\">            <div class=\"box has-hover gallery-box box-overlay dark\">\n              <div class=\"box-image\" >\n                <img loading=\"lazy\" decoding=\"async\" width=\"300\" height=\"200\" src=\"https:\/\/dev.lageria.com\/wp-content\/uploads\/2026\/04\/G7A5986-300x200.jpg\" class=\"attachment-medium size-medium\" alt=\"\" ids=\"240516,240521,240515,240513,240514,240517,240512\" srcset=\"https:\/\/dev.lageria.com\/wp-content\/uploads\/2026\/04\/G7A5986-300x200.jpg 300w, https:\/\/dev.lageria.com\/wp-content\/uploads\/2026\/04\/G7A5986-1024x683.jpg 1024w, https:\/\/dev.lageria.com\/wp-content\/uploads\/2026\/04\/G7A5986-768x512.jpg 768w, https:\/\/dev.lageria.com\/wp-content\/uploads\/2026\/04\/G7A5986-1536x1025.jpg 1536w, https:\/\/dev.lageria.com\/wp-content\/uploads\/2026\/04\/G7A5986-600x400.jpg 600w, https:\/\/dev.lageria.com\/wp-content\/uploads\/2026\/04\/G7A5986.jpg 2048w\" sizes=\"auto, (max-width: 300px) 100vw, 300px\" \/>                                  <div class=\"overlay fill\"\n                      style=\"background-color: rgba(0,0,0,.15)\">\n                  <\/div>\n                                                              <\/div>\n              <div class=\"box-text text-left\" >\n                 <p><\/p>\n              <\/div>\n            <\/div>\n            <\/a>          <\/div>\n         <\/div><div class=\"gallery-col col\" >\n          <div class=\"col-inner\">\n            <a class=\"image-lightbox lightbox-gallery\" href=\"https:\/\/dev.lageria.com\/wp-content\/uploads\/2026\/04\/G7A5906-1024x683.jpg\" title=\"\">            <div class=\"box has-hover gallery-box box-overlay dark\">\n              <div class=\"box-image\" >\n                <img loading=\"lazy\" decoding=\"async\" width=\"300\" height=\"200\" src=\"https:\/\/dev.lageria.com\/wp-content\/uploads\/2026\/04\/G7A5906-300x200.jpg\" class=\"attachment-medium size-medium\" alt=\"\" ids=\"240516,240521,240515,240513,240514,240517,240512\" srcset=\"https:\/\/dev.lageria.com\/wp-content\/uploads\/2026\/04\/G7A5906-300x200.jpg 300w, https:\/\/dev.lageria.com\/wp-content\/uploads\/2026\/04\/G7A5906-1024x683.jpg 1024w, https:\/\/dev.lageria.com\/wp-content\/uploads\/2026\/04\/G7A5906-768x512.jpg 768w, https:\/\/dev.lageria.com\/wp-content\/uploads\/2026\/04\/G7A5906-1536x1024.jpg 1536w, https:\/\/dev.lageria.com\/wp-content\/uploads\/2026\/04\/G7A5906-600x400.jpg 600w, https:\/\/dev.lageria.com\/wp-content\/uploads\/2026\/04\/G7A5906.jpg 2048w\" sizes=\"auto, (max-width: 300px) 100vw, 300px\" \/>                                  <div class=\"overlay fill\"\n                      style=\"background-color: rgba(0,0,0,.15)\">\n                  <\/div>\n                                                              <\/div>\n              <div class=\"box-text text-left\" >\n                 <p><\/p>\n              <\/div>\n            <\/div>\n            <\/a>          <\/div>\n         <\/div><\/div>\n<div class=\"is-divider divider clearfix\" ><\/div>\n\n\t\t<\/div>\n\n\t\t\n<style>\n#section_1232487827 {\n  padding-top: 0px;\n  padding-bottom: 0px;\n  background-color: rgb(255,255,255);\n}\n<\/style>\n\t<\/section>\n\t\n\n\t<section class=\"section dark\" id=\"section_478257743\">\n\t\t<div class=\"section-bg fill\" >\n\t\t\t\t\t\t\t\t\t\n\t\t\t\n\n\t\t<\/div>\n\n\t\t\n\n\t\t<div class=\"section-content relative\">\n\t\t\t\n<div class=\"row\"  id=\"row-1197478152\">\n\n\t<div id=\"col-700095112\" class=\"col small-12 large-12\"  >\n\t\t\t\t<div class=\"col-inner text-center\"  >\n\t\t\t\n\t\t\t\n\t<div id=\"gap-376488874\" class=\"gap-element clearfix\" style=\"display:block; height:auto;\">\n\t\t\n<style>\n#gap-376488874 {\n  padding-top: 35px;\n}\n<\/style>\n\t<\/div>\n\t\n<div class=\"is-divider divider clearfix\" style=\"max-width:100px;height:4px;background-color:rgb(255, 255, 255);\"><\/div>\n\t\t<\/div>\n\t\t\t\t\t<\/div>\n\n\t\n<\/div>\n<div class=\"row row-large\" style=\"max-width:1300px\" id=\"row-700471510\">\n\n\t<div id=\"col-1060607736\" class=\"col medium-4 small-12 large-4\"  >\n\t\t\t\t<div class=\"col-inner text-center\"  >\n\t\t\t\n\t\t\t\n\n\t\t<div class=\"icon-box featured-box icon-box-top text-left\"  >\n\t\t\t\t<div class=\"icon-box-text last-reset\">\n\t\t\t\t\t\t\t\t\t\n\t<div id=\"text-1823098979\" class=\"text\">\n\t\t\n<h3>info@lageria.com<\/h3>\n\t\t\n<style>\n#text-1823098979 {\n  font-size: 1.5rem;\n  text-align: center;\n}\n@media (min-width:550px) {\n  #text-1823098979 {\n    font-size: 1.25rem;\n  }\n}\n<\/style>\n\t<\/div>\n\t\n\t\t<\/div>\n\t<\/div>\n\t\n\t\n\t\t<\/div>\n\t\t\t\t\t<\/div>\n\n\t\n\n\t<div id=\"col-1087174715\" class=\"col medium-4 small-12 large-4\"  >\n\t\t\t\t<div class=\"col-inner text-center\"  >\n\t\t\t\n\t\t\t\n\n\t\t<div class=\"icon-box featured-box icon-box-top text-left\"  >\n\t\t\t\t<div class=\"icon-box-text last-reset\">\n\t\t\t\t\t\t\t\t\t\n\t<div id=\"text-4157454403\" class=\"text\">\n\t\t\n<h3>Ctra de la Geria Km. 19, 35570 La Geria, Lanzarote Espa\u00f1a<\/h3>\n\t\t\n<style>\n#text-4157454403 {\n  font-size: 1.5rem;\n  text-align: center;\n}\n@media (min-width:550px) {\n  #text-4157454403 {\n    font-size: 1.25rem;\n  }\n}\n<\/style>\n\t<\/div>\n\t\n\t\t<\/div>\n\t<\/div>\n\t\n\t\n\t\t<\/div>\n\t\t\t\t\t<\/div>\n\n\t\n\n\t<div id=\"col-1562640091\" class=\"col medium-4 small-12 large-4\"  >\n\t\t\t\t<div class=\"col-inner text-center\"  >\n\t\t\t\n\t\t\t\n\n\t\t<div class=\"icon-box featured-box icon-box-top text-left\"  >\n\t\t\t\t<div class=\"icon-box-text last-reset\">\n\t\t\t\t\t\t\t\t\t\n\t<div id=\"text-1884904670\" class=\"text\">\n\t\t\n<h3>828 180 501<\/h3>\n\t\t\n<style>\n#text-1884904670 {\n  font-size: 1.5rem;\n  text-align: center;\n}\n@media (min-width:550px) {\n  #text-1884904670 {\n    font-size: 1.25rem;\n  }\n}\n<\/style>\n\t<\/div>\n\t\n\t\t<\/div>\n\t<\/div>\n\t\n\t\n\t\t<\/div>\n\t\t\t\t\t<\/div>\n\n\t\n<\/div>\n\t\t<\/div>\n\n\t\t\n<style>\n#section_478257743 {\n  padding-top: 50px;\n  padding-bottom: 50px;\n  background-color: #dd3333;\n}\n<\/style>\n\t<\/section>\n\t\n","protected":false},"excerpt":{"rendered":"","protected":false},"author":1,"featured_media":0,"parent":0,"menu_order":0,"comment_status":"closed","ping_status":"closed","template":"","meta":{"footnotes":""},"class_list":["post-240480","page","type-page","status-publish","hentry"],"_links":{"self":[{"href":"https:\/\/dev.lageria.com\/de\/wp-json\/wp\/v2\/pages\/240480","targetHints":{"allow":["GET"]}}],"collection":[{"href":"https:\/\/dev.lageria.com\/de\/wp-json\/wp\/v2\/pages"}],"about":[{"href":"https:\/\/dev.lageria.com\/de\/wp-json\/wp\/v2\/types\/page"}],"author":[{"embeddable":true,"href":"https:\/\/dev.lageria.com\/de\/wp-json\/wp\/v2\/users\/1"}],"replies":[{"embeddable":true,"href":"https:\/\/dev.lageria.com\/de\/wp-json\/wp\/v2\/comments?post=240480"}],"version-history":[{"count":15,"href":"https:\/\/dev.lageria.com\/de\/wp-json\/wp\/v2\/pages\/240480\/revisions"}],"predecessor-version":[{"id":250542,"href":"https:\/\/dev.lageria.com\/de\/wp-json\/wp\/v2\/pages\/240480\/revisions\/250542"}],"wp:attachment":[{"href":"https:\/\/dev.lageria.com\/de\/wp-json\/wp\/v2\/media?parent=240480"}],"curies":[{"name":"wp","href":"https:\/\/api.w.org\/{rel}","templated":true}]}}